{"id":3,"date":"2025-06-17T16:37:17","date_gmt":"2025-06-17T16:37:17","guid":{"rendered":"https:\/\/spark225.com\/?page_id=3"},"modified":"2025-06-23T00:23:32","modified_gmt":"2025-06-23T00:23:32","slug":"aviso-de-privacidad","status":"publish","type":"page","link":"https:\/\/spark225.com\/en\/aviso-de-privacidad\/","title":{"rendered":"Aviso de Privacidad"},"content":{"rendered":"<div data-elementor-type=\"wp-page\" data-elementor-id=\"3\" class=\"elementor elementor-3\" data-elementor-post-type=\"page\">\n\t\t\t\t<div class=\"elementor-element elementor-element-162d61a7 e-flex e-con-boxed e-con e-parent\" data-id=\"162d61a7\" data-element_type=\"container\" data-e-type=\"container\">\n\t\t\t\t\t<div class=\"e-con-inner\">\n\t\t\t\t<div class=\"elementor-element elementor-element-349e65f6 elementor-widget elementor-widget-text-editor\" data-id=\"349e65f6\" data-element_type=\"widget\" data-e-type=\"widget\" data-widget_type=\"text-editor.default\">\n\t\t\t\t<div class=\"elementor-widget-container\">\n\t\t\t\t\t\t\t\t\t\n<p>En cumplimiento a lo establecido en la Ley Federal de Protecci\u00f3n de Datos Personales en Posesi\u00f3n de los Particulares (en los sucesivo la \u201cLey\u201d), Spark225 es el \u201cresponsable\u201d de los datos personales que nos proporcione, por lo que hace de su conocimiento el presente Aviso de Privacidad a fin de que conozca c\u00f3mo tratar\u00e1n y transferir\u00e1n sus datos personales.<\/p>\n\n<h2 class=\"wp-block-heading\"><strong>Los datos personales que S<\/strong><strong>park225<\/strong><strong> pudiera tratar y que son obtenidos directamente de Usted son los siguientes:<\/strong><\/h2>\n\n<p>DATOS PERSONALES DE IDENTIFICACION Y CONTACTO:<\/p>\n\n<ul class=\"wp-block-list\">\n<li>Nombre completo<\/li>\n\n<li>G\u00e9nero<\/li>\n\n<li>Fecha de nacimiento<\/li>\n\n<li>Tel\u00e9fono celular<\/li>\n\n<li>Correo electr\u00f3nico<\/li>\n\n<li>Redes Sociales: Instagram, Twitter, Facebook, LinkedIn<\/li>\n<\/ul>\n\n<p>DATOS PERSONALES DEMOGR\u00c1FICOS:<\/p>\n\n<ul class=\"wp-block-list\">\n<li>Ciudad y estado de residencia<\/li>\n<\/ul>\n\n<p><strong>Spark225 podr\u00e1 tambi\u00e9n tratar datos personales sensibles:<\/strong><\/p>\n\n<p>DATOS PROFESIONALES:<\/p>\n\n<ul class=\"wp-block-list\">\n<li>Profesi\u00f3n<\/li>\n\n<li>C\u00e9dula Profesional<\/li>\n\n<li>Especialidad M\u00e9dica<\/li>\n\n<li>Instituci\u00f3n \/ Hospital \/ Cl\u00ednica para la que labora y posici\u00f3n<\/li>\n\n<li>Afiliaci\u00f3n a sociedades m\u00e9dicas<\/li>\n<\/ul>\n\n<p><strong>Finalidades del tratamiento: Los datos personales que nos proporcione, ser\u00e1n tratados para las siguientes finalidades:<\/strong><\/p>\n\n<ol class=\"wp-block-list\" style=\"list-style-type: lower-alpha;\" start=\"1\">\n<li>registro en nuestra p\u00e1gina\u00a0<a href=\"https:\/\/spark225.com\/en\/\">www.spark225.com<\/a><\/li>\n\n<li>Realizar promoci\u00f3n de los productos, programas, comunidades sociales, perfiles de redes sociales, campa\u00f1as de mercadotecnia, plataformas de Spark225, en la medida en que as\u00ed lo permita la legislaci\u00f3n aplicable<\/li>\n\n<li>Env\u00edo y\/o entrega de material educativo, informativo y promocional, por medios digitales en la medida en que as\u00ed lo permita la legislaci\u00f3n aplicable;<\/li>\n\n<li>Env\u00edo de invitaciones a eventos organizados por Spark225 o terceros por medios digitales.<\/li>\n\n<li>Concertarle citas para capacitaciones personalizadas y sesiones informativas de temas relacionados a los servicios proporcionados;<\/li>\n\n<li>concertarle citas para capacitaciones personalizadas y sesiones informativas de temas relacionados a los servicios proporcionados;<\/li>\n\n<li>Registrarle en programas y plataformas de educaci\u00f3n de temas relacionados a los servicios proporcionados;<\/li>\n\n<li>Registrarle en los programas de lealtad de Spark225 y sus productos;<\/li>\n\n<li>Contactarlo para responder dudas y comentarios respecto a temas temas relacionados a los servicios proporcionados y sus productos;<\/li>\n\n<li>Atender cualquier duda o comentario<\/li>\n\n<li>Crear bases de datos para fines estad\u00edsticos y de uso interno. para comprobar la interacci\u00f3n realizada con el profesional de la salud<br \/>Lo anterior, a trav\u00e9s de los siguientes medios: llamadas telef\u00f3nicas, correos electr\u00f3nicos, enlaces virtuales mediante un dispositivo de comunicaci\u00f3n, plataformas digitales de transmisi\u00f3n de eventos en vivo, sitios de internet, video-llamadas, mensajes de texto y multimedia, eventos, redes sociales, espacios publicitarios o comercializados en medios y plataformas digitales.<\/li>\n\n<li>Utilizar sus datos personales para el funcionamiento de la app y sitio Web en particular para relacionar los datos de su paciente con los de usted y ponerlos en contacto. Para que pueda brindar seguimiento a su paciente a trav\u00e9s del sitio web y finalmente recabar el consentimiento adecuado.<\/li>\n<\/ol>\n\n<p><strong>Transferencia de datos:<\/strong><\/p>\n\n<p>En t\u00e9rminos del Art\u00edculo 37 de la LFPDPPP, Spark225 podr\u00eda tener la obligaci\u00f3n de transferir sus datos personales a terceros, nacionales o extranjeros sin su previo consentimiento cuando: (i) la transferencia se encuentre prevista por la ley( como es el caso de reacciones adversas, que enviamos a la Secretar\u00eda de Salud); y (ii) cuando la transferencia sea necesaria para la prevenci\u00f3n o diagn\u00f3stico m\u00e9dico, la prestaci\u00f3n de asistencia sanitaria, tratamiento m\u00e9dico o la gesti\u00f3n de servicios sanitarios.<\/p>\n\n<p>Spark225 podr\u00e1 remitir a proveedores de servicios que nos apoyan log\u00edsticamente en alg\u00fan proceso.<\/p>\n\n<p><strong>S<\/strong><strong>park225<\/strong><strong> le informa que realiza el tratamiento de datos personales que nos proporciona conforme a los principios dispuestos por la ley.<\/strong><\/p>\n\n<p><strong>Medidas de seguridad:<\/strong><\/p>\n\n<p>Spark225 ha adoptado y mantiene las medidas de seguridad, administrativas, t\u00e9cnicas y f\u00edsicas, necesarias para proteger sus datos personales contra da\u00f1o, p\u00e9rdida, alteraci\u00f3n, destrucci\u00f3n o el uso, acceso o tratamiento no autorizados.<br \/>Usted, en su car\u00e1cter de titular, podr\u00e1, dentro de un plazo de cinco d\u00edas h\u00e1biles contados a partir de que proporcion\u00f3 su informaci\u00f3n, manifestar su negativa para el tratamiento de sus datos personales para la finalidad de realizar proyectos mercadot\u00e9cnicos, de publicidad y de prospecci\u00f3n comercial o cualquier otra no necesaria para cumplir con la relaci\u00f3n jur\u00eddica que lo une con\u00a0<strong>S<\/strong><strong>park225<\/strong>, o en cualquier momento, revocar el consentimiento que nos ha otorgado para el tratamiento de sus datos personales, limitar el uso o divulgaci\u00f3n de los mismos, as\u00ed como ejercer sus derechos de acceso, rectificaci\u00f3n, cancelaci\u00f3n y oposici\u00f3n. Para ello, Usted deber\u00e1 contactar a\u00a0<strong>S<\/strong><strong>park225 <\/strong>a trav\u00e9s del correo electr\u00f3nico <a href=\"mailto:contacto@spark225.com\">contacto@spark225.com<\/a> quien ha sido designado espec\u00edficamente por <strong>S<\/strong><strong>park225 <\/strong>como Responsable de la Protecci\u00f3n de Datos Personales.<\/p>\n\n<p>Usted puede en el futuro revocar el consentimiento que haya otorgado a\u00a0<strong>S<\/strong><strong>park225<\/strong>\u00a0para el tratamiento de sus datos personales. Sin embargo, es importante que tenga en cuenta que no en todos los casos podremos atender su solicitud o concluir el uso de forma inmediata, ya que es posible que por alguna obligaci\u00f3n legal requiramos seguir tratando sus datos personales. Asimismo, usted deber\u00e1 considerar que para ciertos fines, la revocaci\u00f3n de su consentimiento implicar\u00e1 que no le podamos seguir prestando el servicio que nos solicit\u00f3, o la conclusi\u00f3n de su relaci\u00f3n con nosotros.<\/p>\n\n<p>Para revocar su consentimiento deber\u00e1 presentar su solicitud por correo electr\u00f3nico a la siguiente direcci\u00f3n\u00a0<a href=\"mailto:datos.personales@sanofi.com\">contacto@spark225.com,<\/a>. La solicitud de acceso, rectificaci\u00f3n, cancelaci\u00f3n u oposici\u00f3n deber\u00e1 contener y acompa\u00f1ar lo siguiente: (i) el nombre y domicilio o correo electr\u00f3nico del Titular; (ii) los documentos que acrediten la identidad del Titular, o en su caso, la representaci\u00f3n legal de quien act\u00fae en su nombre (i.e. credencial de elector o pasaporte); (iii) la descripci\u00f3n clara y precisa de los datos personales respecto de los que el Titular busca ejercer alguno de los derechos antes mencionados; (iv) cualquier otro elemento o documento que facilite la localizaci\u00f3n de los datos personales del Titular; (v) especificar claramente si la solicitud es de acceso, rectificaci\u00f3n, cancelaci\u00f3n u oposici\u00f3n; (vi) el motivo de la solicitud; y (vii) las modificaciones a realizarse en caso de que la solicitud sea para la rectificaci\u00f3n de datos personales. Una vez realizada la solicitud,\u00a0<strong>S<\/strong><strong>park225 <\/strong>le comunicar\u00e1, en un plazo m\u00e1ximo de 20 (veinte) d\u00edas naturales, contados a partir de la fecha en que haya recibido la solicitud, la determinaci\u00f3n adoptada y, en caso de que la misma resulte procedente, se har\u00e1 efectiva dentro de los 15 (quince) d\u00edas naturales siguientes a la fecha en que se comunique su procedencia. Lo anterior en el entendido que, los plazos antes referidos podr\u00e1n ser ampliados en una ocasi\u00f3n, cuando las particularidades del caso as\u00ed lo ameriten a juicio de\u00a0<strong>S<\/strong><strong>park225<\/strong><strong>.<\/strong><\/p>\n\n<p><strong>Con el fin de limitar la divulgaci\u00f3n y uso de su informaci\u00f3n personal le sugerimos ponerse en contacto con PROFECO<\/strong>\u00a0para solicitar su inscripci\u00f3n en el Registro P\u00fablico para Evitar Publicidad, que est\u00e1 a cargo de la Procuradur\u00eda Federal del Consumidor, con la finalidad de que sus datos personales no sean utilizados para recibir publicidad o promociones de empresas de bienes o servicios. Para mayor informaci\u00f3n sobre este registro, usted puede consultar el portal de Internet de la PROFECO, o bien ponerse en contacto directo con \u00e9sta, llamando al n\u00famero del REPEP (Registro P\u00fablico para Evitar Publicidad) 96 28 00 00 para las \u00e1reas metropolitanas de las Ciudades de M\u00e9xico, Guadalajara y Monterrey o al 01 800 96 28 000 para el resto de la Rep\u00fablica, para lo cual, se utilizar\u00e1 un sistema automatizado que permita la identificaci\u00f3n del n\u00famero que se quiere inscribir o cancelar.<br \/><strong>Uso de cookies, web beacons y otras tecnolog\u00edas:<\/strong><\/p>\n\n<p>Le informamos que utilizamos algunas plataformas electr\u00f3nicas o p\u00e1ginas web donde se pueden utilizar cookies, web beacons u otra tecnolog\u00eda que permite intercambiar electr\u00f3nicamente informaci\u00f3n de Usted con\u00a0<strong>S<\/strong><strong>park225<\/strong>. Usted debe tomar en cuenta lo siguiente:<\/p>\n\n<ol class=\"wp-block-list\" style=\"list-style-type: lower-alpha;\" start=\"1\">\n<li>Obtenci\u00f3n de informaci\u00f3n a trav\u00e9s de Cookies. Nuestros Sitios Web utilizan \u201cCookies\u201d. Las cookies son peque\u00f1os archivos de datos que se almacenan en el disco duro de su equipo de c\u00f3mputo o del dispositivo de comunicaci\u00f3n electr\u00f3nica que usted utiliza cuando navega en nuestros Sitios Web. Estos archivos de datos permiten intercambiar informaci\u00f3n de estado entre nuestros Sitios Web y el navegador que usted utiliza. Los datos personales que obtenemos de estas tecnolog\u00edas de rastreo son los siguientes: horario de navegaci\u00f3n, tiempo de navegaci\u00f3n en nuestra p\u00e1gina de Internet, secciones consultadas, y p\u00e1ginas de Internet accedidas previo a la nuestra.<\/li>\n\n<li>La \u201cinformaci\u00f3n de estado\u201d puede revelar medios de identificaci\u00f3n de sesi\u00f3n, medios de autenticaci\u00f3n o sus preferencias como usuario, as\u00ed como cualquier otro dato almacenado por el navegador respecto de los Sitios Web. Las cookies permiten monitorear el comportamiento de un usuario en l\u00ednea. Utilizamos la informaci\u00f3n que es obtenida a trav\u00e9s de cookies para ayudarnos a optimizar configuraciones de los Sitios Web y as\u00ed mejorar su experiencia como usuario (v.g. identificar desde qu\u00e9 pa\u00eds ingresa y re-direccionarlo al sitio correspondiente). A trav\u00e9s del uso de cookies podemos, por ejemplo, personalizar en su favor nuestra p\u00e1gina de inicio de manera que nuestras pantallas se desplieguen de mejor manera de acuerdo a su tipo de navegador. Como la mayor\u00eda de los sitios web, nuestros servidores registran su direcci\u00f3n IP, la direcci\u00f3n URL desde la que accedi\u00f3 a nuestros Sitios web, el tipo de navegador, y la fecha y hora en que realiza actividad. Utilizamos esta informaci\u00f3n para la administraci\u00f3n del sistema y optimizaci\u00f3n de su uso del sitio.<\/li>\n\n<li>\u00bfC\u00f3mo puedo deshabilitar las Cookies? Su navegador aceptar\u00e1 las cookies y permitir\u00e1 la recolecci\u00f3n autom\u00e1tica de informaci\u00f3n a menos que usted cambie la configuraci\u00f3n predeterminada del navegador. La mayor\u00eda de navegadores web permiten que usted pueda gestionar sus preferencias de cookies. Puede ajustar su navegador para que rechace o elimine cookies. Los siguientes links muestran c\u00f3mo ajustar la configuraci\u00f3n de los navegadores que son utilizados con m\u00e1s frecuencia: Internet Explorer, Firefox, Safari, Chrome. Por favor considere que si se inhabilitan las cookies en alguno de nuestros Sitio Web, nuestro Sitio no se cargar\u00e1 apropiadamente y podr\u00eda no habilitar ciertos hiperv\u00ednculos.<\/li>\n\n<li>Uso de cookies y web beacons de terceros. Spark225 puede trabajar con Google Analytics y otros proveedores de servicios que utilizan tecnolog\u00edas para ayudarnos a ofrecer nuestros propios contenidos, ofrecer publicidad dirigida y obtener m\u00e9tricas an\u00f3nimas y an\u00e1lisis del sitio. En los contratos correspondientes, solicitamos a estas empresas utilizar la informaci\u00f3n que obtienen s\u00f3lo para proporcionarnos los servicios que requerimos. Aunque estas empresas utilizan alguna informaci\u00f3n an\u00f3nima sobre usted para mostrar anuncios, prohibimos contractualmente a estas empresas obtener datos personales acerca de usted<\/li>\n<\/ol>\n\n<p><strong>Modificaciones o cambios al Aviso de Privacidad:<\/strong><\/p>\n\n<p><strong>Spark225<\/strong>\u00a0podr\u00e1 modificar, actualizar, extender o de cualquier otra forma cambiar el contenido y alcance del presente Aviso de Privacidad, en cualquier momento y bajo su completa discreci\u00f3n.\u00a0<strong>Spark225<\/strong>\u00a0publicar\u00e1 los cambios sustanciales a este Aviso de Privacidad en el sitio web <a href=\"https:\/\/spark225.com\/en\/\">www.spark225.com<\/a> , secci\u00f3n\u00a0<em>\u201cAVISOS DE PRIVACIDAD\u201d<\/em>. Le pedimos que consulte regularmente nuestro sitio para que se mantenga al tanto de cualquier actualizaci\u00f3n. Asimismo,\u00a0<strong>Spark225<\/strong>\u00a0podr\u00e1 hacerle llegar una copia de la versi\u00f3n actualizada de este Aviso de Privacidad por correo electr\u00f3nico o a trav\u00e9s de la persona\/empresa a la que representa.<\/p>\n\n<p><strong>Consentimiento:<\/strong><\/p>\n\n<p><strong>Consentimiento al tratamiento de sus Datos Personales:\u00a0<\/strong>En el momento en que usted proporcione sus datos personales, usted manifiesta estar de acuerdo con este aviso de privacidad as\u00ed como con el tratamiento que Spark225 haga de sus datos personales y datos personales sensibles.<br \/>Si, en el futuro usted desea retirar su autorizaci\u00f3n para el uso de sus datos personales y sensibles de acuerdo a lo establecido en el presente Aviso de Privacidad, agradeceremos enviar un correo electr\u00f3nico a la siguiente direcci\u00f3n\u00a0<a href=\"mailto:datos.personales@sanofi.com\">contacto@spark225.com<\/a> acompa\u00f1ado de una identificaci\u00f3n oficial, en donde manifieste su voluntad, o bien enviando un escrito debidamente firmado por Usted, acompa\u00f1ado de una copia de su identificaci\u00f3n oficial vigente con fotograf\u00eda, por correo postal a la direcci\u00f3n de Spark225 anteriormente se\u00f1alada en este aviso de privacidad.<\/p>\n\n<p><strong>Fecha de actualizaci\u00f3n:\u00a0<\/strong>Noviembre 2025<\/p>\n\t\t\t\t\t\t\t\t<\/div>\n\t\t\t\t<\/div>\n\t\t\t\t\t<\/div>\n\t\t\t\t<\/div>\n\t\t\t\t<\/div>","protected":false},"excerpt":{"rendered":"<p>En cumplimiento a lo establecido en la Ley Federal de Protecci\u00f3n de Datos Personales en Posesi\u00f3n de los Particulares (en los sucesivo la \u201cLey\u201d), Spark225 es el \u201cresponsable\u201d de los datos personales que nos proporcione, por lo que hace de su conocimiento el presente Aviso de Privacidad a fin de que conozca c\u00f3mo tratar\u00e1n y&#8230;<\/p>","protected":false},"author":1,"featured_media":0,"parent":0,"menu_order":0,"comment_status":"closed","ping_status":"closed","template":"","meta":{"footnotes":""},"class_list":["post-3","page","type-page","status-publish","hentry"],"_links":{"self":[{"href":"https:\/\/spark225.com\/en\/wp-json\/wp\/v2\/pages\/3","targetHints":{"allow":["GET"]}}],"collection":[{"href":"https:\/\/spark225.com\/en\/wp-json\/wp\/v2\/pages"}],"about":[{"href":"https:\/\/spark225.com\/en\/wp-json\/wp\/v2\/types\/page"}],"author":[{"embeddable":true,"href":"https:\/\/spark225.com\/en\/wp-json\/wp\/v2\/users\/1"}],"replies":[{"embeddable":true,"href":"https:\/\/spark225.com\/en\/wp-json\/wp\/v2\/comments?post=3"}],"version-history":[{"count":6,"href":"https:\/\/spark225.com\/en\/wp-json\/wp\/v2\/pages\/3\/revisions"}],"predecessor-version":[{"id":2977,"href":"https:\/\/spark225.com\/en\/wp-json\/wp\/v2\/pages\/3\/revisions\/2977"}],"wp:attachment":[{"href":"https:\/\/spark225.com\/en\/wp-json\/wp\/v2\/media?parent=3"}],"curies":[{"name":"wp","href":"https:\/\/api.w.org\/{rel}","templated":true}]}}